{"id":51,"date":"2023-06-28T17:11:07","date_gmt":"2023-06-28T15:11:07","guid":{"rendered":"http:\/\/sharly.com\/cs141031-ovh\/?page_id=51"},"modified":"2023-11-15T10:38:52","modified_gmt":"2023-11-15T09:38:52","slug":"mentions-legales","status":"publish","type":"page","link":"https:\/\/sharly.com\/index.php\/mentions-legales\/","title":{"rendered":"Mentions l\u00e9gales"},"content":{"rendered":"\t\t<div data-elementor-type=\"wp-page\" data-elementor-id=\"51\" class=\"elementor elementor-51\">\n\t\t\t\t\t\t<section class=\"elementor-section elementor-top-section elementor-element elementor-element-e5175f4 elementor-section-boxed elementor-section-height-default elementor-section-height-default\" data-id=\"e5175f4\" data-element_type=\"section\" data-e-type=\"section\">\n\t\t\t\t\t\t<div class=\"elementor-container elementor-column-gap-default\">\n\t\t\t\t\t<div class=\"elementor-column elementor-col-100 elementor-top-column elementor-element elementor-element-e0c80f5\" data-id=\"e0c80f5\" data-element_type=\"column\" data-e-type=\"column\">\n\t\t\t<div class=\"elementor-widget-wrap elementor-element-populated\">\n\t\t\t\t\t\t<div class=\"elementor-element elementor-element-c0fdaf9 elementor-widget elementor-widget-heading\" data-id=\"c0fdaf9\" data-element_type=\"widget\" data-e-type=\"widget\" data-widget_type=\"heading.default\">\n\t\t\t\t<div class=\"elementor-widget-container\">\n\t\t\t\t\t<h1 class=\"elementor-heading-title elementor-size-default\">Mentions l\u00e9gales<\/h1>\t\t\t\t<\/div>\n\t\t\t\t<\/div>\n\t\t\t\t\t<\/div>\n\t\t<\/div>\n\t\t\t\t\t<\/div>\n\t\t<\/section>\n\t\t\t\t<section class=\"elementor-section elementor-top-section elementor-element elementor-element-52e4341 elementor-section-boxed elementor-section-height-default elementor-section-height-default\" data-id=\"52e4341\" data-element_type=\"section\" data-e-type=\"section\">\n\t\t\t\t\t\t<div class=\"elementor-container elementor-column-gap-default\">\n\t\t\t\t\t<div class=\"elementor-column elementor-col-100 elementor-top-column elementor-element elementor-element-8967fa3\" data-id=\"8967fa3\" data-element_type=\"column\" data-e-type=\"column\">\n\t\t\t<div class=\"elementor-widget-wrap elementor-element-populated\">\n\t\t\t\t\t\t<div class=\"elementor-element elementor-element-8e2a3a1 elementor-widget elementor-widget-text-editor\" data-id=\"8e2a3a1\" data-element_type=\"widget\" data-e-type=\"widget\" data-widget_type=\"text-editor.default\">\n\t\t\t\t<div class=\"elementor-widget-container\">\n\t\t\t\t\t\t\t\t\t<section data-id=\"a9961a9\" data-element_type=\"section\"><div><div><div data-id=\"8beb549\" data-element_type=\"column\"><div><div><div data-id=\"24e605f\" data-element_type=\"widget\" data-widget_type=\"text-editor.default\"><div><div><section data-id=\"4024b86\" data-element_type=\"section\"><div><div><div data-id=\"7a25153\" data-element_type=\"column\"><div><div><div data-id=\"7398238\" data-element_type=\"widget\" data-widget_type=\"text-editor.default\"><div><div><div><div><article><div><p><i>www.sharly.com<\/i> est la propri\u00e9t\u00e9 de CRATER Sharles<\/p><p><strong>Si\u00e8ge social :<\/strong>14 rue Gabarrus 40130 Capbreton<\/p><p><strong>T\u00e9l :<\/strong>06.23.74.58.20<\/p><p><strong>Mail<\/strong> :sharly@sharly.com<\/p><p>Informations l\u00e9gales :<br \/><strong>Siret<\/strong> :35218449300026<\/p><p><strong>Cr\u00e9ation et conception<\/strong>\u00a0: fabandweb<br \/><strong>Responsable de publication<\/strong> :\u00a0CRATER Sharles<\/p><\/div><\/article><\/div><\/div><\/div><\/div><\/div><\/div><\/div><\/div><\/div><\/div><\/section><\/div><\/div><\/div><\/div><\/div><\/div><\/div><\/div><\/section><section data-id=\"6c7764c\" data-element_type=\"section\"><div data-id=\"53eb37f\" data-element_type=\"column\"><div data-id=\"5eeb145\" data-element_type=\"widget\" data-widget_type=\"text-editor.default\"><section data-id=\"343eb94\" data-element_type=\"section\"><div data-id=\"1fdbcfe\" data-element_type=\"column\"><div data-id=\"8bd6c72\" data-element_type=\"widget\" data-widget_type=\"text-editor.default\"><p><strong>RENSEIGNEMENTS H\u00c9BERGEUR :<\/strong><br \/>OVH<\/p><div><div><p>SAS au capital de 10 174 560 \u20ac<\/p><div>RCS Lille M\u00e9tropole 424 761 419 00045<br \/>Code APE 2620Z<br \/>N\u00b0 TVA : FR 22 424 761 419<br \/>Si\u00e8ge social : 2 rue Kellermann &#8211; 59100 Roubaix &#8211; France<\/div><div>\u00a0<\/div><div><div>Pr\u00e9sident : Michel Paulin<\/div><\/div><\/div><\/div><div><div><p>OVH SAS est une filiale de la soci\u00e9t\u00e9 OVH Groupe SA, soci\u00e9t\u00e9 immatricul\u00e9e au RCS de Lille sous le num\u00e9ro 537 407 926 sise 2, rue Kellermann, 59100 Roubaix.<\/p><\/div><\/div><div><div>\u00a0<\/div><\/div><div data-id=\"j6oovto\" data-element_type=\"widget\" data-widget_type=\"text-editor.default\"><div><section data-id=\"e41694a\" data-element_type=\"section\"><div><div><div data-id=\"4caa549\" data-element_type=\"column\"><div><div><div data-id=\"ad0ba94\" data-element_type=\"widget\" data-widget_type=\"text-editor.default\"><div><div><p><strong>COLLECTE DES RENSEIGNEMENTS PERSONNELS<\/strong><br \/>Nous collectons les renseignements suivants :<br \/><strong>Nom, Pr\u00e9nom<\/strong><br \/><strong>Adresse \u00e9lectronique<\/strong><br \/>Les renseignements personnels que nous collectons sont recueillis au travers de formulaires et gr\u00e2ce \u00e0 l\u2019interactivit\u00e9 \u00e9tablie entre vous et notre site Web.<br \/>Nous r\u00e9coltons vos donn\u00e9es afin de suivre le comportement de l\u2019utilisateur sur le site. Nous gardons vos donn\u00e9es 13 mois.<\/p><\/div><\/div><\/div><\/div><\/div><\/div><\/div><\/div><\/section><section data-id=\"b170c2a\" data-element_type=\"section\"><div><div><div data-id=\"5d03242\" data-element_type=\"column\"><div><div><div data-id=\"1c2e605\" data-element_type=\"widget\" data-widget_type=\"text-editor.default\"><div><div><p><strong>DROIT D\u2019OPPOSITION ET DE RETRAIT<\/strong><br \/>Nous nous engageons \u00e0 vous offrir un droit d\u2019opposition et de retrait quant \u00e0 vos renseignements personnels.<br \/>Le droit d\u2019opposition s\u2019entend comme \u00e9tant la possibilit\u00e9 offerte aux internautes de refuser que leurs renseignements personnels soient utilis\u00e9es \u00e0 certaines fins mentionn\u00e9es lors de la collecte.<br \/>Le droit de retrait s\u2019entend comme \u00e9tant la possibilit\u00e9 offerte aux internautes de demander \u00e0 ce que leurs renseignements personnels ne figurent plus, par exemple, dans une liste de diffusion.<br \/>Pour pouvoir exercer ces droits, vous pouvez nous \u00e9crire ou nous appeler :<br \/><strong>Adresse :<\/strong>14 rue Gabarrus 40130 Capbreton<\/p><p><strong>Courriel :<\/strong>sharly@sharly.com<\/p><p><strong>T\u00e9l\u00e9phone :<\/strong>06.09.66.22.32<\/p><\/div><\/div><\/div><\/div><\/div><\/div><\/div><\/div><\/section><section data-id=\"fd4d5de\" data-element_type=\"section\"><div data-id=\"a34eb80\" data-element_type=\"column\"><div data-id=\"78647e0\" data-element_type=\"widget\" data-widget_type=\"text-editor.default\"><p><strong>DROIT D\u2019ACC\u00c8S<\/strong><br \/>Nous nous engageons \u00e0 reconna\u00eetre un droit d\u2019acc\u00e8s et de rectification aux personnes concern\u00e9es d\u00e9sireuses de consulter, modifier, voire radier les informations les concernant.<br \/>L\u2019exercice de ce droit se fera :<br \/>Adresse :14 rue Gabarrus 40130 Capbreton<\/p><p>Courriel :sharly@sharly.com<\/p><p>T\u00e9l\u00e9phone :06.09.66.22.32<\/p><\/div><\/div><\/section><\/div><\/div><\/div><\/div><\/section><\/div><\/div><\/section>\t\t\t\t\t\t\t\t<\/div>\n\t\t\t\t<\/div>\n\t\t\t\t\t<\/div>\n\t\t<\/div>\n\t\t\t\t\t<\/div>\n\t\t<\/section>\n\t\t\t\t<\/div>\n\t\t","protected":false},"excerpt":{"rendered":"<p>Mentions l\u00e9gales www.sharly.com est la propri\u00e9t\u00e9 de CRATER Sharles Si\u00e8ge social :14 rue Gabarrus 40130 Capbreton T\u00e9l :06.23.74.58.20 Mail :sharly@sharly.com Informations l\u00e9gales :Siret :35218449300026 Cr\u00e9ation et conception\u00a0: fabandwebResponsable de publication [&hellip;]<\/p>\n","protected":false},"author":1,"featured_media":0,"parent":0,"menu_order":0,"comment_status":"closed","ping_status":"closed","template":"","meta":{"footnotes":""},"class_list":["post-51","page","type-page","status-publish","hentry"],"yoast_head":"<!-- This site is optimized with the Yoast SEO plugin v27.0 - https:\/\/yoast.com\/product\/yoast-seo-wordpress\/ -->\n<title>Mentions l\u00e9gales - sharly<\/title>\n<meta name=\"robots\" content=\"noindex, nofollow\" \/>\n<meta property=\"og:locale\" content=\"fr_FR\" \/>\n<meta property=\"og:type\" content=\"article\" \/>\n<meta property=\"og:title\" content=\"Mentions l\u00e9gales - sharly\" \/>\n<meta property=\"og:description\" content=\"Mentions l\u00e9gales www.sharly.com est la propri\u00e9t\u00e9 de CRATER Sharles Si\u00e8ge social :14 rue Gabarrus 40130 Capbreton T\u00e9l :06.23.74.58.20 Mail :sharly@sharly.com Informations l\u00e9gales :Siret :35218449300026 Cr\u00e9ation et conception\u00a0: fabandwebResponsable de publication [&hellip;]\" \/>\n<meta property=\"og:url\" content=\"https:\/\/sharly.com\/index.php\/mentions-legales\/\" \/>\n<meta property=\"og:site_name\" content=\"sharly\" \/>\n<meta property=\"article:modified_time\" content=\"2023-11-15T09:38:52+00:00\" \/>\n<meta name=\"twitter:card\" content=\"summary_large_image\" \/>\n<meta name=\"twitter:label1\" content=\"Dur\u00e9e de lecture estim\u00e9e\" \/>\n\t<meta name=\"twitter:data1\" content=\"2 minutes\" \/>\n<script type=\"application\/ld+json\" class=\"yoast-schema-graph\">{\"@context\":\"https:\/\/schema.org\",\"@graph\":[{\"@type\":\"WebPage\",\"@id\":\"https:\/\/sharly.com\/index.php\/mentions-legales\/\",\"url\":\"https:\/\/sharly.com\/index.php\/mentions-legales\/\",\"name\":\"Mentions l\u00e9gales - sharly\",\"isPartOf\":{\"@id\":\"https:\/\/sharly.com\/#website\"},\"datePublished\":\"2023-06-28T15:11:07+00:00\",\"dateModified\":\"2023-11-15T09:38:52+00:00\",\"breadcrumb\":{\"@id\":\"https:\/\/sharly.com\/index.php\/mentions-legales\/#breadcrumb\"},\"inLanguage\":\"fr-FR\",\"potentialAction\":[{\"@type\":\"ReadAction\",\"target\":[\"https:\/\/sharly.com\/index.php\/mentions-legales\/\"]}]},{\"@type\":\"BreadcrumbList\",\"@id\":\"https:\/\/sharly.com\/index.php\/mentions-legales\/#breadcrumb\",\"itemListElement\":[{\"@type\":\"ListItem\",\"position\":1,\"name\":\"Accueil\",\"item\":\"https:\/\/sharly.com\/\"},{\"@type\":\"ListItem\",\"position\":2,\"name\":\"Mentions l\u00e9gales\"}]},{\"@type\":\"WebSite\",\"@id\":\"https:\/\/sharly.com\/#website\",\"url\":\"https:\/\/sharly.com\/\",\"name\":\"sharly\",\"description\":\"Un site utilisant WordPress\",\"publisher\":{\"@id\":\"https:\/\/sharly.com\/#organization\"},\"potentialAction\":[{\"@type\":\"SearchAction\",\"target\":{\"@type\":\"EntryPoint\",\"urlTemplate\":\"https:\/\/sharly.com\/?s={search_term_string}\"},\"query-input\":{\"@type\":\"PropertyValueSpecification\",\"valueRequired\":true,\"valueName\":\"search_term_string\"}}],\"inLanguage\":\"fr-FR\"},{\"@type\":\"Organization\",\"@id\":\"https:\/\/sharly.com\/#organization\",\"name\":\"sharly\",\"url\":\"https:\/\/sharly.com\/\",\"logo\":{\"@type\":\"ImageObject\",\"inLanguage\":\"fr-FR\",\"@id\":\"https:\/\/sharly.com\/#\/schema\/logo\/image\/\",\"url\":\"https:\/\/sharly.com\/wp-content\/uploads\/2023\/09\/cropped-sharly.png\",\"contentUrl\":\"https:\/\/sharly.com\/wp-content\/uploads\/2023\/09\/cropped-sharly.png\",\"width\":440,\"height\":435,\"caption\":\"sharly\"},\"image\":{\"@id\":\"https:\/\/sharly.com\/#\/schema\/logo\/image\/\"}}]}<\/script>\n<!-- \/ Yoast SEO plugin. -->","yoast_head_json":{"title":"Mentions l\u00e9gales - sharly","robots":{"index":"noindex","follow":"nofollow"},"og_locale":"fr_FR","og_type":"article","og_title":"Mentions l\u00e9gales - sharly","og_description":"Mentions l\u00e9gales www.sharly.com est la propri\u00e9t\u00e9 de CRATER Sharles Si\u00e8ge social :14 rue Gabarrus 40130 Capbreton T\u00e9l :06.23.74.58.20 Mail :sharly@sharly.com Informations l\u00e9gales :Siret :35218449300026 Cr\u00e9ation et conception\u00a0: fabandwebResponsable de publication [&hellip;]","og_url":"https:\/\/sharly.com\/index.php\/mentions-legales\/","og_site_name":"sharly","article_modified_time":"2023-11-15T09:38:52+00:00","twitter_card":"summary_large_image","twitter_misc":{"Dur\u00e9e de lecture estim\u00e9e":"2 minutes"},"schema":{"@context":"https:\/\/schema.org","@graph":[{"@type":"WebPage","@id":"https:\/\/sharly.com\/index.php\/mentions-legales\/","url":"https:\/\/sharly.com\/index.php\/mentions-legales\/","name":"Mentions l\u00e9gales - sharly","isPartOf":{"@id":"https:\/\/sharly.com\/#website"},"datePublished":"2023-06-28T15:11:07+00:00","dateModified":"2023-11-15T09:38:52+00:00","breadcrumb":{"@id":"https:\/\/sharly.com\/index.php\/mentions-legales\/#breadcrumb"},"inLanguage":"fr-FR","potentialAction":[{"@type":"ReadAction","target":["https:\/\/sharly.com\/index.php\/mentions-legales\/"]}]},{"@type":"BreadcrumbList","@id":"https:\/\/sharly.com\/index.php\/mentions-legales\/#breadcrumb","itemListElement":[{"@type":"ListItem","position":1,"name":"Accueil","item":"https:\/\/sharly.com\/"},{"@type":"ListItem","position":2,"name":"Mentions l\u00e9gales"}]},{"@type":"WebSite","@id":"https:\/\/sharly.com\/#website","url":"https:\/\/sharly.com\/","name":"sharly","description":"Un site utilisant WordPress","publisher":{"@id":"https:\/\/sharly.com\/#organization"},"potentialAction":[{"@type":"SearchAction","target":{"@type":"EntryPoint","urlTemplate":"https:\/\/sharly.com\/?s={search_term_string}"},"query-input":{"@type":"PropertyValueSpecification","valueRequired":true,"valueName":"search_term_string"}}],"inLanguage":"fr-FR"},{"@type":"Organization","@id":"https:\/\/sharly.com\/#organization","name":"sharly","url":"https:\/\/sharly.com\/","logo":{"@type":"ImageObject","inLanguage":"fr-FR","@id":"https:\/\/sharly.com\/#\/schema\/logo\/image\/","url":"https:\/\/sharly.com\/wp-content\/uploads\/2023\/09\/cropped-sharly.png","contentUrl":"https:\/\/sharly.com\/wp-content\/uploads\/2023\/09\/cropped-sharly.png","width":440,"height":435,"caption":"sharly"},"image":{"@id":"https:\/\/sharly.com\/#\/schema\/logo\/image\/"}}]}},"_links":{"self":[{"href":"https:\/\/sharly.com\/index.php\/wp-json\/wp\/v2\/pages\/51","targetHints":{"allow":["GET"]}}],"collection":[{"href":"https:\/\/sharly.com\/index.php\/wp-json\/wp\/v2\/pages"}],"about":[{"href":"https:\/\/sharly.com\/index.php\/wp-json\/wp\/v2\/types\/page"}],"author":[{"embeddable":true,"href":"https:\/\/sharly.com\/index.php\/wp-json\/wp\/v2\/users\/1"}],"replies":[{"embeddable":true,"href":"https:\/\/sharly.com\/index.php\/wp-json\/wp\/v2\/comments?post=51"}],"version-history":[{"count":11,"href":"https:\/\/sharly.com\/index.php\/wp-json\/wp\/v2\/pages\/51\/revisions"}],"predecessor-version":[{"id":408,"href":"https:\/\/sharly.com\/index.php\/wp-json\/wp\/v2\/pages\/51\/revisions\/408"}],"wp:attachment":[{"href":"https:\/\/sharly.com\/index.php\/wp-json\/wp\/v2\/media?parent=51"}],"curies":[{"name":"wp","href":"https:\/\/api.w.org\/{rel}","templated":true}]}}