{"id":53,"date":"2023-06-28T17:12:00","date_gmt":"2023-06-28T15:12:00","guid":{"rendered":"http:\/\/sharly.com\/cs141031-ovh\/?page_id=53"},"modified":"2023-11-15T10:39:09","modified_gmt":"2023-11-15T09:39:09","slug":"politique-de-confidentialite-2","status":"publish","type":"page","link":"https:\/\/sharly.com\/index.php\/politique-de-confidentialite-2\/","title":{"rendered":"Politique de confidentialit\u00e9"},"content":{"rendered":"\t\t<div data-elementor-type=\"wp-page\" data-elementor-id=\"53\" class=\"elementor elementor-53\">\n\t\t\t\t\t\t<section class=\"elementor-section elementor-top-section elementor-element elementor-element-ee59593 elementor-section-boxed elementor-section-height-default elementor-section-height-default\" data-id=\"ee59593\" data-element_type=\"section\" data-e-type=\"section\">\n\t\t\t\t\t\t<div class=\"elementor-container elementor-column-gap-default\">\n\t\t\t\t\t<div class=\"elementor-column elementor-col-100 elementor-top-column elementor-element elementor-element-ff09ca4\" data-id=\"ff09ca4\" data-element_type=\"column\" data-e-type=\"column\">\n\t\t\t<div class=\"elementor-widget-wrap elementor-element-populated\">\n\t\t\t\t\t\t<div class=\"elementor-element elementor-element-1753da4 elementor-widget elementor-widget-heading\" data-id=\"1753da4\" data-element_type=\"widget\" data-e-type=\"widget\" data-widget_type=\"heading.default\">\n\t\t\t\t<div class=\"elementor-widget-container\">\n\t\t\t\t\t<h1 class=\"elementor-heading-title elementor-size-default\">Politique de confidentialit\u00e9<\/h1>\t\t\t\t<\/div>\n\t\t\t\t<\/div>\n\t\t\t\t\t<\/div>\n\t\t<\/div>\n\t\t\t\t\t<\/div>\n\t\t<\/section>\n\t\t\t\t<section class=\"elementor-section elementor-top-section elementor-element elementor-element-177f19f elementor-section-boxed elementor-section-height-default elementor-section-height-default\" data-id=\"177f19f\" data-element_type=\"section\" data-e-type=\"section\">\n\t\t\t\t\t\t<div class=\"elementor-container elementor-column-gap-default\">\n\t\t\t\t\t<div class=\"elementor-column elementor-col-100 elementor-top-column elementor-element elementor-element-25ad9e4\" data-id=\"25ad9e4\" data-element_type=\"column\" data-e-type=\"column\">\n\t\t\t<div class=\"elementor-widget-wrap elementor-element-populated\">\n\t\t\t\t\t\t<div class=\"elementor-element elementor-element-e89ecfb elementor-widget elementor-widget-text-editor\" data-id=\"e89ecfb\" data-element_type=\"widget\" data-e-type=\"widget\" data-widget_type=\"text-editor.default\">\n\t\t\t\t<div class=\"elementor-widget-container\">\n\t\t\t\t\t\t\t\t\t<h2>Qui sommes-nous\u00a0?<\/h2><p>L\u2019adresse de notre site est : https:\/\/www.sharly.com<\/p><h2>Cookies<\/h2><p>Si vous d\u00e9posez un commentaire sur notre site, il vous sera propos\u00e9 d\u2019enregistrer votre nom, adresse e-mail et site dans des cookies. C\u2019est uniquement pour votre confort afin de ne pas avoir \u00e0 saisir ces informations si vous d\u00e9posez un autre commentaire plus tard. Ces cookies expirent au bout d\u2019un an.<\/p><p>Si vous vous rendez sur la page de connexion, un cookie temporaire sera cr\u00e9\u00e9 afin de d\u00e9terminer si votre navigateur accepte les cookies. Il ne contient pas de donn\u00e9es personnelles et sera supprim\u00e9 automatiquement \u00e0 la fermeture de votre navigateur.<\/p><p>Lorsque vous vous connecterez, nous mettrons en place un certain nombre de cookies pour enregistrer vos informations de connexion et vos pr\u00e9f\u00e9rences d\u2019\u00e9cran. La dur\u00e9e de vie d\u2019un cookie de connexion est de deux jours, celle d\u2019un cookie d\u2019option d\u2019\u00e9cran est d\u2019un an. Si vous cochez \u00ab\u00a0Se souvenir de moi\u00a0\u00bb, votre cookie de connexion sera conserv\u00e9 pendant deux semaines. Si vous vous d\u00e9connectez de votre compte, le cookie de connexion sera effac\u00e9.<\/p><p>En modifiant ou en publiant une publication, un cookie suppl\u00e9mentaire sera enregistr\u00e9 dans votre navigateur. Ce cookie ne comprend aucune donn\u00e9e personnelle. Il indique simplement l\u2019ID de la publication que vous venez de modifier. Il expire au bout d\u2019un jour.<\/p><h2>Contenu embarqu\u00e9 depuis d\u2019autres sites<\/h2><p>Les articles de ce site peuvent inclure des contenus int\u00e9gr\u00e9s (par exemple des vid\u00e9os, images, articles\u2026). Le contenu int\u00e9gr\u00e9 depuis d\u2019autres sites se comporte de la m\u00eame mani\u00e8re que si le visiteur se rendait sur cet autre site.<\/p><p>Ces sites web pourraient collecter des donn\u00e9es sur vous, utiliser des cookies, embarquer des outils de suivis tiers, suivre vos interactions avec ces contenus embarqu\u00e9s si vous disposez d\u2019un compte connect\u00e9 sur leur site web.<\/p><h2>Utilisation et transmission de vos donn\u00e9es personnelles<\/h2><p>Si vous demandez une r\u00e9initialisation de votre mot de passe, votre adresse IP sera incluse dans l\u2019e-mail de r\u00e9initialisation.<\/p><h2>Dur\u00e9es de stockage de vos donn\u00e9es<\/h2><p>Si vous laissez un commentaire, le commentaire et ses m\u00e9tadonn\u00e9es sont conserv\u00e9s ind\u00e9finiment. Cela permet de reconna\u00eetre et approuver automatiquement les commentaires suivants au lieu de les laisser dans la file de mod\u00e9ration.<\/p><p>Pour les comptes qui s\u2019inscrivent sur notre site (le cas \u00e9ch\u00e9ant), nous stockons \u00e9galement les donn\u00e9es personnelles indiqu\u00e9es dans leur profil. Tous les comptes peuvent voir, modifier ou supprimer leurs informations personnelles \u00e0 tout moment (\u00e0 l\u2019exception de leur identifiant). Les gestionnaires du site peuvent aussi voir et modifier ces informations.<\/p><h2>Les droits que vous avez sur vos donn\u00e9es<\/h2><p>Si vous avez un compte ou si vous avez laiss\u00e9 des commentaires sur le site, vous pouvez demander \u00e0 recevoir un fichier contenant toutes les donn\u00e9es personnelles que nous poss\u00e9dons \u00e0 votre sujet, incluant celles que vous nous avez fournies. Vous pouvez \u00e9galement demander la suppression des donn\u00e9es personnelles vous concernant. Cela ne prend pas en compte les donn\u00e9es stock\u00e9es \u00e0 des fins administratives, l\u00e9gales ou pour des raisons de s\u00e9curit\u00e9.<\/p><h2>Transmission de vos donn\u00e9es personnelles<\/h2><p>Les commentaires des visiteurs peuvent \u00eatre v\u00e9rifi\u00e9s \u00e0 l\u2019aide d\u2019un service automatis\u00e9 de d\u00e9tection des commentaires ind\u00e9sirables.<\/p><p>Nous collectons des informations lors de la validation de commande sur notre boutique.<\/p><h2>Ce que nous collectons et stockons<\/h2><p>Pendant votre visite du site, nous suivons\u00a0:<\/p><ul><li>Produits que vous avez vu\u00a0: nous les utilisons pour, par exemple, afficher des produits que vous avez r\u00e9cemment vu<\/li><li>Localisation, adresse IP et type de navigateur\u00a0: nous les utilisons pour l\u2018estimation des taxes et frais de port<\/li><li>Adresse de livraison\u00a0: nous vous demanderons de la saisir pour estimer les frais d\u2019exp\u00e9dition avant que vous passiez commande, et pour vous envoyer la commande\u00a0!<\/li><\/ul><p>Nous utilisons des cookies pour suivre les contenus du panier pendant que vous naviguez sur notre site.<\/p><p>Quand vous achetez sur notre site web, nous vous demanderons de fournir des informations incluant votre nom, adresse de facturation, adresse de livraison, adresse de messagerie, num\u00e9ro de t\u00e9l\u00e9phone, donn\u00e9es de paiement \/ carte bancaire et \u00e9ventuellement les donn\u00e9es du compte tel que l\u2019identifiant et le mot de passe. Ces informations seront utilis\u00e9es pour\u00a0:<\/p><ul><li>Envoie de l\u2019information \u00e0 propos de votre compte et commande<\/li><li>R\u00e9pondre aux demandes, incluant les remboursements et plaintes<\/li><li>Traitement des paiements et pr\u00e9vention de la fraude<\/li><li>Configurez votre compte pour notre boutique<\/li><li>Se conformer avec toute obligation l\u00e9gale, telle que le calcul des taxes<\/li><li>Am\u00e9liorer les offres de notre boutique<\/li><li>Vous envoyer des messages marketing, si vous choisissez d\u2019en recevoir<\/li><\/ul><p>Si vous cr\u00e9ez un compte, nous stockons votre nom, adresse, e-mail, et num\u00e9ro de t\u00e9l\u00e9phone, qui sera utilis\u00e9 pour pr\u00e9-remplir la validation de commande pour les prochaines commandes.<\/p><p>Nous stockons g\u00e9n\u00e9ralement vos informations aussi longtemps que nous en avons besoin pour l\u2019usage pour lequel nous les collectons et utilisons, et nous ne sommes pas oblig\u00e9s l\u00e9galement de continuer \u00e0 les conserver. Par exemple, nous stockons les informations de commande pour XXX ann\u00e9es pour les taxes et la comptabilit\u00e9. Ceci inclut votre nom, e-mail et adresses de facturation et livraison.<\/p><p>Nous stockons aussi les commentaires ou avis, si vous choisissez d\u2019en envoyer.<\/p><h2>Qui de notre \u00e9quipe a acc\u00e8s aux donn\u00e9es<\/h2><p>Les membres de notre \u00e9quipe ont acc\u00e8s aux informations que vous nous fournissez. Par exemple, les administrateurs et g\u00e9rants de boutique ont acc\u00e8s\u00a0:<\/p><ul><li>Information de commande tel que ce qui a \u00e9t\u00e9 achet\u00e9, quand et o\u00f9 cela doit \u00eatre envoy\u00e9, et<\/li><li>Information client tel que votre nom, adresse de messagerie et informations de facturation et livraison.<\/li><\/ul><p>Notre \u00e9quipe a acc\u00e8s \u00e0 ces informations pour traiter les commandes, effectuer les remboursements et vous aider.<\/p>\t\t\t\t\t\t\t\t<\/div>\n\t\t\t\t<\/div>\n\t\t\t\t\t<\/div>\n\t\t<\/div>\n\t\t\t\t\t<\/div>\n\t\t<\/section>\n\t\t\t\t<\/div>\n\t\t","protected":false},"excerpt":{"rendered":"<p>Politique de confidentialit\u00e9 Qui sommes-nous\u00a0? L\u2019adresse de notre site est : https:\/\/www.sharly.com Cookies Si vous d\u00e9posez un commentaire sur notre site, il vous sera propos\u00e9 d\u2019enregistrer votre nom, adresse e-mail [&hellip;]<\/p>\n","protected":false},"author":1,"featured_media":0,"parent":0,"menu_order":0,"comment_status":"closed","ping_status":"closed","template":"","meta":{"footnotes":""},"class_list":["post-53","page","type-page","status-publish","hentry"],"yoast_head":"<!-- This site is optimized with the Yoast SEO plugin v27.0 - https:\/\/yoast.com\/product\/yoast-seo-wordpress\/ -->\n<title>Politique de confidentialit\u00e9 - sharly<\/title>\n<meta name=\"robots\" content=\"noindex, nofollow\" \/>\n<meta property=\"og:locale\" content=\"fr_FR\" \/>\n<meta property=\"og:type\" content=\"article\" \/>\n<meta property=\"og:title\" content=\"Politique de confidentialit\u00e9 - sharly\" \/>\n<meta property=\"og:description\" content=\"Politique de confidentialit\u00e9 Qui sommes-nous\u00a0? L\u2019adresse de notre site est : https:\/\/www.sharly.com Cookies Si vous d\u00e9posez un commentaire sur notre site, il vous sera propos\u00e9 d\u2019enregistrer votre nom, adresse e-mail [&hellip;]\" \/>\n<meta property=\"og:url\" content=\"https:\/\/sharly.com\/index.php\/politique-de-confidentialite-2\/\" \/>\n<meta property=\"og:site_name\" content=\"sharly\" \/>\n<meta property=\"article:modified_time\" content=\"2023-11-15T09:39:09+00:00\" \/>\n<meta name=\"twitter:card\" content=\"summary_large_image\" \/>\n<meta name=\"twitter:label1\" content=\"Dur\u00e9e de lecture estim\u00e9e\" \/>\n\t<meta name=\"twitter:data1\" content=\"5 minutes\" \/>\n<script type=\"application\/ld+json\" class=\"yoast-schema-graph\">{\"@context\":\"https:\/\/schema.org\",\"@graph\":[{\"@type\":\"WebPage\",\"@id\":\"https:\/\/sharly.com\/index.php\/politique-de-confidentialite-2\/\",\"url\":\"https:\/\/sharly.com\/index.php\/politique-de-confidentialite-2\/\",\"name\":\"Politique de confidentialit\u00e9 - sharly\",\"isPartOf\":{\"@id\":\"https:\/\/sharly.com\/#website\"},\"datePublished\":\"2023-06-28T15:12:00+00:00\",\"dateModified\":\"2023-11-15T09:39:09+00:00\",\"breadcrumb\":{\"@id\":\"https:\/\/sharly.com\/index.php\/politique-de-confidentialite-2\/#breadcrumb\"},\"inLanguage\":\"fr-FR\",\"potentialAction\":[{\"@type\":\"ReadAction\",\"target\":[\"https:\/\/sharly.com\/index.php\/politique-de-confidentialite-2\/\"]}]},{\"@type\":\"BreadcrumbList\",\"@id\":\"https:\/\/sharly.com\/index.php\/politique-de-confidentialite-2\/#breadcrumb\",\"itemListElement\":[{\"@type\":\"ListItem\",\"position\":1,\"name\":\"Accueil\",\"item\":\"https:\/\/sharly.com\/\"},{\"@type\":\"ListItem\",\"position\":2,\"name\":\"Politique de confidentialit\u00e9\"}]},{\"@type\":\"WebSite\",\"@id\":\"https:\/\/sharly.com\/#website\",\"url\":\"https:\/\/sharly.com\/\",\"name\":\"sharly\",\"description\":\"Un site utilisant WordPress\",\"publisher\":{\"@id\":\"https:\/\/sharly.com\/#organization\"},\"potentialAction\":[{\"@type\":\"SearchAction\",\"target\":{\"@type\":\"EntryPoint\",\"urlTemplate\":\"https:\/\/sharly.com\/?s={search_term_string}\"},\"query-input\":{\"@type\":\"PropertyValueSpecification\",\"valueRequired\":true,\"valueName\":\"search_term_string\"}}],\"inLanguage\":\"fr-FR\"},{\"@type\":\"Organization\",\"@id\":\"https:\/\/sharly.com\/#organization\",\"name\":\"sharly\",\"url\":\"https:\/\/sharly.com\/\",\"logo\":{\"@type\":\"ImageObject\",\"inLanguage\":\"fr-FR\",\"@id\":\"https:\/\/sharly.com\/#\/schema\/logo\/image\/\",\"url\":\"https:\/\/sharly.com\/wp-content\/uploads\/2023\/09\/cropped-sharly.png\",\"contentUrl\":\"https:\/\/sharly.com\/wp-content\/uploads\/2023\/09\/cropped-sharly.png\",\"width\":440,\"height\":435,\"caption\":\"sharly\"},\"image\":{\"@id\":\"https:\/\/sharly.com\/#\/schema\/logo\/image\/\"}}]}<\/script>\n<!-- \/ Yoast SEO plugin. -->","yoast_head_json":{"title":"Politique de confidentialit\u00e9 - sharly","robots":{"index":"noindex","follow":"nofollow"},"og_locale":"fr_FR","og_type":"article","og_title":"Politique de confidentialit\u00e9 - sharly","og_description":"Politique de confidentialit\u00e9 Qui sommes-nous\u00a0? L\u2019adresse de notre site est : https:\/\/www.sharly.com Cookies Si vous d\u00e9posez un commentaire sur notre site, il vous sera propos\u00e9 d\u2019enregistrer votre nom, adresse e-mail [&hellip;]","og_url":"https:\/\/sharly.com\/index.php\/politique-de-confidentialite-2\/","og_site_name":"sharly","article_modified_time":"2023-11-15T09:39:09+00:00","twitter_card":"summary_large_image","twitter_misc":{"Dur\u00e9e de lecture estim\u00e9e":"5 minutes"},"schema":{"@context":"https:\/\/schema.org","@graph":[{"@type":"WebPage","@id":"https:\/\/sharly.com\/index.php\/politique-de-confidentialite-2\/","url":"https:\/\/sharly.com\/index.php\/politique-de-confidentialite-2\/","name":"Politique de confidentialit\u00e9 - sharly","isPartOf":{"@id":"https:\/\/sharly.com\/#website"},"datePublished":"2023-06-28T15:12:00+00:00","dateModified":"2023-11-15T09:39:09+00:00","breadcrumb":{"@id":"https:\/\/sharly.com\/index.php\/politique-de-confidentialite-2\/#breadcrumb"},"inLanguage":"fr-FR","potentialAction":[{"@type":"ReadAction","target":["https:\/\/sharly.com\/index.php\/politique-de-confidentialite-2\/"]}]},{"@type":"BreadcrumbList","@id":"https:\/\/sharly.com\/index.php\/politique-de-confidentialite-2\/#breadcrumb","itemListElement":[{"@type":"ListItem","position":1,"name":"Accueil","item":"https:\/\/sharly.com\/"},{"@type":"ListItem","position":2,"name":"Politique de confidentialit\u00e9"}]},{"@type":"WebSite","@id":"https:\/\/sharly.com\/#website","url":"https:\/\/sharly.com\/","name":"sharly","description":"Un site utilisant WordPress","publisher":{"@id":"https:\/\/sharly.com\/#organization"},"potentialAction":[{"@type":"SearchAction","target":{"@type":"EntryPoint","urlTemplate":"https:\/\/sharly.com\/?s={search_term_string}"},"query-input":{"@type":"PropertyValueSpecification","valueRequired":true,"valueName":"search_term_string"}}],"inLanguage":"fr-FR"},{"@type":"Organization","@id":"https:\/\/sharly.com\/#organization","name":"sharly","url":"https:\/\/sharly.com\/","logo":{"@type":"ImageObject","inLanguage":"fr-FR","@id":"https:\/\/sharly.com\/#\/schema\/logo\/image\/","url":"https:\/\/sharly.com\/wp-content\/uploads\/2023\/09\/cropped-sharly.png","contentUrl":"https:\/\/sharly.com\/wp-content\/uploads\/2023\/09\/cropped-sharly.png","width":440,"height":435,"caption":"sharly"},"image":{"@id":"https:\/\/sharly.com\/#\/schema\/logo\/image\/"}}]}},"_links":{"self":[{"href":"https:\/\/sharly.com\/index.php\/wp-json\/wp\/v2\/pages\/53","targetHints":{"allow":["GET"]}}],"collection":[{"href":"https:\/\/sharly.com\/index.php\/wp-json\/wp\/v2\/pages"}],"about":[{"href":"https:\/\/sharly.com\/index.php\/wp-json\/wp\/v2\/types\/page"}],"author":[{"embeddable":true,"href":"https:\/\/sharly.com\/index.php\/wp-json\/wp\/v2\/users\/1"}],"replies":[{"embeddable":true,"href":"https:\/\/sharly.com\/index.php\/wp-json\/wp\/v2\/comments?post=53"}],"version-history":[{"count":10,"href":"https:\/\/sharly.com\/index.php\/wp-json\/wp\/v2\/pages\/53\/revisions"}],"predecessor-version":[{"id":202,"href":"https:\/\/sharly.com\/index.php\/wp-json\/wp\/v2\/pages\/53\/revisions\/202"}],"wp:attachment":[{"href":"https:\/\/sharly.com\/index.php\/wp-json\/wp\/v2\/media?parent=53"}],"curies":[{"name":"wp","href":"https:\/\/api.w.org\/{rel}","templated":true}]}}