{"id":591,"date":"2023-09-25T15:38:40","date_gmt":"2023-09-25T13:38:40","guid":{"rendered":"https:\/\/sharly.com\/?page_id=591"},"modified":"2023-12-18T17:42:19","modified_gmt":"2023-12-18T16:42:19","slug":"sharly-strip-teaser","status":"publish","type":"page","link":"https:\/\/sharly.com\/index.php\/sharly-strip-teaser\/","title":{"rendered":"Strip-teaser"},"content":{"rendered":"\t\t<div data-elementor-type=\"wp-page\" data-elementor-id=\"591\" class=\"elementor elementor-591\">\n\t\t\t\t\t\t<section class=\"elementor-section elementor-top-section elementor-element elementor-element-84aaf80 elementor-section-boxed elementor-section-height-default elementor-section-height-default\" data-id=\"84aaf80\" data-element_type=\"section\" data-e-type=\"section\">\n\t\t\t\t\t\t<div class=\"elementor-container elementor-column-gap-default\">\n\t\t\t\t\t<div class=\"elementor-column elementor-col-100 elementor-top-column elementor-element elementor-element-234b02b\" data-id=\"234b02b\" data-element_type=\"column\" data-e-type=\"column\">\n\t\t\t<div class=\"elementor-widget-wrap elementor-element-populated\">\n\t\t\t\t\t\t<div class=\"elementor-element elementor-element-fc4384f elementor-invisible elementor-widget elementor-widget-heading\" data-id=\"fc4384f\" data-element_type=\"widget\" data-e-type=\"widget\" data-settings=\"{&quot;_animation&quot;:&quot;zoomIn&quot;}\" data-widget_type=\"heading.default\">\n\t\t\t\t<div class=\"elementor-widget-container\">\n\t\t\t\t\t<h1 class=\"elementor-heading-title elementor-size-default\">Strip-teaser<\/h1>\t\t\t\t<\/div>\n\t\t\t\t<\/div>\n\t\t\t\t\t<\/div>\n\t\t<\/div>\n\t\t\t\t\t<\/div>\n\t\t<\/section>\n\t\t\t\t<section class=\"elementor-section elementor-top-section elementor-element elementor-element-1dfd6f2 elementor-section-full_width elementor-section-height-default elementor-section-height-default\" data-id=\"1dfd6f2\" data-element_type=\"section\" data-e-type=\"section\">\n\t\t\t\t\t\t<div class=\"elementor-container elementor-column-gap-default\">\n\t\t\t\t\t<div class=\"elementor-column elementor-col-50 elementor-top-column elementor-element elementor-element-f2d2455\" data-id=\"f2d2455\" data-element_type=\"column\" data-e-type=\"column\">\n\t\t\t<div class=\"elementor-widget-wrap elementor-element-populated\">\n\t\t\t\t\t\t<div class=\"elementor-element elementor-element-43da98b elementor-widget elementor-widget-image\" data-id=\"43da98b\" data-element_type=\"widget\" data-e-type=\"widget\" data-widget_type=\"image.default\">\n\t\t\t\t<div class=\"elementor-widget-container\">\n\t\t\t\t\t\t\t\t\t\t\t\t\t\t\t<img fetchpriority=\"high\" decoding=\"async\" width=\"731\" height=\"1024\" src=\"https:\/\/sharly.com\/wp-content\/uploads\/2023\/08\/51.jpg\" class=\"attachment-large size-large wp-image-488\" alt=\"\" srcset=\"https:\/\/sharly.com\/wp-content\/uploads\/2023\/08\/51.jpg 731w, https:\/\/sharly.com\/wp-content\/uploads\/2023\/08\/51-214x300.jpg 214w\" sizes=\"(max-width: 731px) 100vw, 731px\" \/>\t\t\t\t\t\t\t\t\t\t\t\t\t\t\t<\/div>\n\t\t\t\t<\/div>\n\t\t\t\t\t<\/div>\n\t\t<\/div>\n\t\t\t\t<div class=\"elementor-column elementor-col-50 elementor-top-column elementor-element elementor-element-870a2d7\" data-id=\"870a2d7\" data-element_type=\"column\" data-e-type=\"column\">\n\t\t\t<div class=\"elementor-widget-wrap elementor-element-populated\">\n\t\t\t\t\t\t<div class=\"elementor-element elementor-element-2f0414f elementor-widget elementor-widget-text-editor\" data-id=\"2f0414f\" data-element_type=\"widget\" data-e-type=\"widget\" data-widget_type=\"text-editor.default\">\n\t\t\t\t<div class=\"elementor-widget-container\">\n\t\t\t\t\t\t\t\t\t<p>D\u00e9couvrez l&rsquo;art de la s\u00e9duction ultime avec mes prestations de strip-tease \u00e0 couper le souffle !\u00a0<\/p><p>Plongez dans un monde de d\u00e9sir et d&rsquo;excitation o\u00f9 l&rsquo;\u00e9rotisme rencontre la performance. Sharly vous offrent une exp\u00e9rience inoubliable, m\u00ealant sensualit\u00e9 et gr\u00e2ce, pour des soir\u00e9es que vous n&rsquo;oublierez jamais.<\/p><p>Que ce soit pour un anniversaire, un enterrement de vie de c\u00e9libataire ou une soir\u00e9e priv\u00e9e entre amis, il sera enflammer vos sens et cr\u00e9er une ambiance \u00e9lectrisante. Laissez-vous envo\u00fbter par son charme irr\u00e9sistible et son talent in\u00e9gal\u00e9.<\/p><p>Faites de votre prochain \u00e9v\u00e9nement un moment unique et torride. Contactez-moi d\u00e8s maintenant pour r\u00e9server mes prestations de strip-tease et pr\u00e9parez-vous \u00e0 vivre une exp\u00e9rience sensuelle qui restera grav\u00e9e dans votre m\u00e9moire \u00e0 jamais<\/p>\t\t\t\t\t\t\t\t<\/div>\n\t\t\t\t<\/div>\n\t\t\t\t\t<\/div>\n\t\t<\/div>\n\t\t\t\t\t<\/div>\n\t\t<\/section>\n\t\t\t\t<section class=\"elementor-section elementor-top-section elementor-element elementor-element-41ae887 elementor-section-full_width elementor-section-height-default elementor-section-height-default\" data-id=\"41ae887\" data-element_type=\"section\" data-e-type=\"section\">\n\t\t\t\t\t\t<div class=\"elementor-container elementor-column-gap-default\">\n\t\t\t\t\t<div class=\"elementor-column elementor-col-100 elementor-top-column elementor-element elementor-element-8ed6387\" data-id=\"8ed6387\" data-element_type=\"column\" data-e-type=\"column\">\n\t\t\t<div class=\"elementor-widget-wrap elementor-element-populated\">\n\t\t\t\t\t\t<div class=\"elementor-element elementor-element-8c829bc gallery-spacing-custom elementor-widget elementor-widget-image-gallery\" data-id=\"8c829bc\" data-element_type=\"widget\" data-e-type=\"widget\" data-widget_type=\"image-gallery.default\">\n\t\t\t\t<div class=\"elementor-widget-container\">\n\t\t\t\t\t\t\t<div class=\"elementor-image-gallery\">\n\t\t\t<div id='gallery-1' class='gallery galleryid-591 gallery-columns-5 gallery-size-medium_large'><figure class='gallery-item'>\n\t\t\t<div class='gallery-icon portrait'>\n\t\t\t\t<a data-elementor-open-lightbox=\"yes\" data-elementor-lightbox-slideshow=\"8c829bc\" data-elementor-lightbox-title=\"sharly stripteaser\" data-e-action-hash=\"#elementor-action%3Aaction%3Dlightbox%26settings%3DeyJpZCI6NjY1LCJ1cmwiOiJodHRwczpcL1wvc2hhcmx5LmNvbVwvd3AtY29udGVudFwvdXBsb2Fkc1wvMjAyM1wvMTBcL3M1LmpwZyIsInNsaWRlc2hvdyI6IjhjODI5YmMifQ%3D%3D\" href='https:\/\/sharly.com\/wp-content\/uploads\/2023\/10\/s5.jpg'><img decoding=\"async\" width=\"686\" height=\"1024\" src=\"https:\/\/sharly.com\/wp-content\/uploads\/2023\/10\/s5.jpg\" class=\"attachment-medium_large size-medium_large\" alt=\"\" srcset=\"https:\/\/sharly.com\/wp-content\/uploads\/2023\/10\/s5.jpg 686w, https:\/\/sharly.com\/wp-content\/uploads\/2023\/10\/s5-201x300.jpg 201w\" sizes=\"(max-width: 686px) 100vw, 686px\" \/><\/a>\n\t\t\t<\/div><\/figure><figure class='gallery-item'>\n\t\t\t<div class='gallery-icon landscape'>\n\t\t\t\t<a data-elementor-open-lightbox=\"yes\" data-elementor-lightbox-slideshow=\"8c829bc\" data-elementor-lightbox-title=\"sharly stripteaser\" data-e-action-hash=\"#elementor-action%3Aaction%3Dlightbox%26settings%3DeyJpZCI6NjY3LCJ1cmwiOiJodHRwczpcL1wvc2hhcmx5LmNvbVwvd3AtY29udGVudFwvdXBsb2Fkc1wvMjAyM1wvMTBcL3M3LmpwZyIsInNsaWRlc2hvdyI6IjhjODI5YmMifQ%3D%3D\" href='https:\/\/sharly.com\/wp-content\/uploads\/2023\/10\/s7.jpg'><img decoding=\"async\" width=\"768\" height=\"512\" src=\"https:\/\/sharly.com\/wp-content\/uploads\/2023\/10\/s7-768x512.jpg\" class=\"attachment-medium_large size-medium_large\" alt=\"\" srcset=\"https:\/\/sharly.com\/wp-content\/uploads\/2023\/10\/s7-768x512.jpg 768w, https:\/\/sharly.com\/wp-content\/uploads\/2023\/10\/s7-300x200.jpg 300w, https:\/\/sharly.com\/wp-content\/uploads\/2023\/10\/s7.jpg 1024w\" sizes=\"(max-width: 768px) 100vw, 768px\" \/><\/a>\n\t\t\t<\/div><\/figure><figure class='gallery-item'>\n\t\t\t<div class='gallery-icon landscape'>\n\t\t\t\t<a data-elementor-open-lightbox=\"yes\" data-elementor-lightbox-slideshow=\"8c829bc\" data-elementor-lightbox-title=\"sharly stripteaser\" data-e-action-hash=\"#elementor-action%3Aaction%3Dlightbox%26settings%3DeyJpZCI6NjYzLCJ1cmwiOiJodHRwczpcL1wvc2hhcmx5LmNvbVwvd3AtY29udGVudFwvdXBsb2Fkc1wvMjAyM1wvMTBcL3MzLmpwZyIsInNsaWRlc2hvdyI6IjhjODI5YmMifQ%3D%3D\" href='https:\/\/sharly.com\/wp-content\/uploads\/2023\/10\/s3.jpg'><img loading=\"lazy\" decoding=\"async\" width=\"768\" height=\"510\" src=\"https:\/\/sharly.com\/wp-content\/uploads\/2023\/10\/s3-768x510.jpg\" class=\"attachment-medium_large size-medium_large\" alt=\"\" srcset=\"https:\/\/sharly.com\/wp-content\/uploads\/2023\/10\/s3-768x510.jpg 768w, https:\/\/sharly.com\/wp-content\/uploads\/2023\/10\/s3-300x199.jpg 300w, https:\/\/sharly.com\/wp-content\/uploads\/2023\/10\/s3.jpg 960w\" sizes=\"(max-width: 768px) 100vw, 768px\" \/><\/a>\n\t\t\t<\/div><\/figure><figure class='gallery-item'>\n\t\t\t<div class='gallery-icon landscape'>\n\t\t\t\t<a data-elementor-open-lightbox=\"yes\" data-elementor-lightbox-slideshow=\"8c829bc\" data-elementor-lightbox-title=\"sharly stripteaser\" data-e-action-hash=\"#elementor-action%3Aaction%3Dlightbox%26settings%3DeyJpZCI6NjY0LCJ1cmwiOiJodHRwczpcL1wvc2hhcmx5LmNvbVwvd3AtY29udGVudFwvdXBsb2Fkc1wvMjAyM1wvMTBcL3M0LmpwZyIsInNsaWRlc2hvdyI6IjhjODI5YmMifQ%3D%3D\" href='https:\/\/sharly.com\/wp-content\/uploads\/2023\/10\/s4.jpg'><img loading=\"lazy\" decoding=\"async\" width=\"768\" height=\"510\" src=\"https:\/\/sharly.com\/wp-content\/uploads\/2023\/10\/s4-768x510.jpg\" class=\"attachment-medium_large size-medium_large\" alt=\"\" srcset=\"https:\/\/sharly.com\/wp-content\/uploads\/2023\/10\/s4-768x510.jpg 768w, https:\/\/sharly.com\/wp-content\/uploads\/2023\/10\/s4-300x199.jpg 300w, https:\/\/sharly.com\/wp-content\/uploads\/2023\/10\/s4.jpg 960w\" sizes=\"(max-width: 768px) 100vw, 768px\" \/><\/a>\n\t\t\t<\/div><\/figure><figure class='gallery-item'>\n\t\t\t<div class='gallery-icon portrait'>\n\t\t\t\t<a data-elementor-open-lightbox=\"yes\" data-elementor-lightbox-slideshow=\"8c829bc\" data-elementor-lightbox-title=\"sharly stripteaser\" data-e-action-hash=\"#elementor-action%3Aaction%3Dlightbox%26settings%3DeyJpZCI6NjY2LCJ1cmwiOiJodHRwczpcL1wvc2hhcmx5LmNvbVwvd3AtY29udGVudFwvdXBsb2Fkc1wvMjAyM1wvMTBcL3M2LmpwZyIsInNsaWRlc2hvdyI6IjhjODI5YmMifQ%3D%3D\" href='https:\/\/sharly.com\/wp-content\/uploads\/2023\/10\/s6.jpg'><img loading=\"lazy\" decoding=\"async\" width=\"683\" height=\"1024\" src=\"https:\/\/sharly.com\/wp-content\/uploads\/2023\/10\/s6.jpg\" class=\"attachment-medium_large size-medium_large\" alt=\"\" srcset=\"https:\/\/sharly.com\/wp-content\/uploads\/2023\/10\/s6.jpg 683w, https:\/\/sharly.com\/wp-content\/uploads\/2023\/10\/s6-200x300.jpg 200w\" sizes=\"(max-width: 683px) 100vw, 683px\" \/><\/a>\n\t\t\t<\/div><\/figure>\n\t\t<\/div>\n\t\t<\/div>\n\t\t\t\t\t\t<\/div>\n\t\t\t\t<\/div>\n\t\t\t\t\t<\/div>\n\t\t<\/div>\n\t\t\t\t\t<\/div>\n\t\t<\/section>\n\t\t\t\t<section class=\"elementor-section elementor-top-section elementor-element elementor-element-6ee763b elementor-section-boxed elementor-section-height-default elementor-section-height-default\" data-id=\"6ee763b\" data-element_type=\"section\" data-e-type=\"section\">\n\t\t\t\t\t\t<div class=\"elementor-container elementor-column-gap-default\">\n\t\t\t\t\t<div class=\"elementor-column elementor-col-100 elementor-top-column elementor-element elementor-element-dff7e7e\" data-id=\"dff7e7e\" data-element_type=\"column\" data-e-type=\"column\">\n\t\t\t<div class=\"elementor-widget-wrap elementor-element-populated\">\n\t\t\t\t\t\t<div class=\"elementor-element elementor-element-3603f4d elementor-align-center elementor-widget elementor-widget-button\" data-id=\"3603f4d\" data-element_type=\"widget\" data-e-type=\"widget\" data-widget_type=\"button.default\">\n\t\t\t\t<div class=\"elementor-widget-container\">\n\t\t\t\t\t\t\t\t\t<div class=\"elementor-button-wrapper\">\n\t\t\t\t\t<a class=\"elementor-button elementor-button-link elementor-size-sm\" href=\"https:\/\/sharly.com\/index.php\/me-contacter\/\">\n\t\t\t\t\t\t<span class=\"elementor-button-content-wrapper\">\n\t\t\t\t\t\t\t\t\t<span class=\"elementor-button-text\">contactez moi <\/span>\n\t\t\t\t\t<\/span>\n\t\t\t\t\t<\/a>\n\t\t\t\t<\/div>\n\t\t\t\t\t\t\t\t<\/div>\n\t\t\t\t<\/div>\n\t\t\t\t\t<\/div>\n\t\t<\/div>\n\t\t\t\t\t<\/div>\n\t\t<\/section>\n\t\t\t\t<section class=\"elementor-section elementor-top-section elementor-element elementor-element-38286e3 elementor-section-full_width elementor-section-height-default elementor-section-height-default\" data-id=\"38286e3\" data-element_type=\"section\" data-e-type=\"section\">\n\t\t\t\t\t\t<div class=\"elementor-container elementor-column-gap-default\">\n\t\t\t\t\t<div class=\"elementor-column elementor-col-33 elementor-top-column elementor-element elementor-element-7aa4f1d\" data-id=\"7aa4f1d\" data-element_type=\"column\" data-e-type=\"column\">\n\t\t\t<div class=\"elementor-widget-wrap elementor-element-populated\">\n\t\t\t\t\t\t<div class=\"elementor-element elementor-element-de5728f elementor-widget elementor-widget-image\" data-id=\"de5728f\" data-element_type=\"widget\" data-e-type=\"widget\" data-widget_type=\"image.default\">\n\t\t\t\t<div class=\"elementor-widget-container\">\n\t\t\t\t\t\t\t\t\t\t\t\t\t\t\t<img loading=\"lazy\" decoding=\"async\" width=\"194\" height=\"260\" src=\"https:\/\/sharly.com\/wp-content\/uploads\/2023\/09\/Les-tentateurs.jpeg\" class=\"attachment-full size-full wp-image-600\" alt=\"\" \/>\t\t\t\t\t\t\t\t\t\t\t\t\t\t\t<\/div>\n\t\t\t\t<\/div>\n\t\t\t\t\t<\/div>\n\t\t<\/div>\n\t\t\t\t<div class=\"elementor-column elementor-col-33 elementor-top-column elementor-element elementor-element-5397170\" data-id=\"5397170\" data-element_type=\"column\" data-e-type=\"column\">\n\t\t\t<div class=\"elementor-widget-wrap elementor-element-populated\">\n\t\t\t\t\t\t<div class=\"elementor-element elementor-element-3fa3177 elementor-widget elementor-widget-text-editor\" data-id=\"3fa3177\" data-element_type=\"widget\" data-e-type=\"widget\" data-widget_type=\"text-editor.default\">\n\t\t\t\t<div class=\"elementor-widget-container\">\n\t\t\t\t\t\t\t\t\t<p>Sharly a \u00e9t\u00e9 capitaine et chor\u00e9graphe du fameux groupe de chippendales \u00ab\u00a0Les Tentateurs\u00a0\u00bb de la c\u00e9l\u00e8bre \u00e9mission \u00ab\u00a0L\u2019\u00cele de la Tentation\u00a0\u00bb sur TF1\u2026<\/p>\t\t\t\t\t\t\t\t<\/div>\n\t\t\t\t<\/div>\n\t\t\t\t\t<\/div>\n\t\t<\/div>\n\t\t\t\t<div class=\"elementor-column elementor-col-33 elementor-top-column elementor-element elementor-element-86c1842\" data-id=\"86c1842\" data-element_type=\"column\" data-e-type=\"column\">\n\t\t\t<div class=\"elementor-widget-wrap elementor-element-populated\">\n\t\t\t\t\t\t<div class=\"elementor-element elementor-element-84285fd elementor-widget elementor-widget-image\" data-id=\"84285fd\" data-element_type=\"widget\" data-e-type=\"widget\" data-widget_type=\"image.default\">\n\t\t\t\t<div class=\"elementor-widget-container\">\n\t\t\t\t\t\t\t\t\t\t\t\t\t\t\t<img loading=\"lazy\" decoding=\"async\" width=\"516\" height=\"720\" src=\"https:\/\/sharly.com\/wp-content\/uploads\/2023\/10\/s2.jpg\" class=\"attachment-full size-full wp-image-662\" alt=\"\" srcset=\"https:\/\/sharly.com\/wp-content\/uploads\/2023\/10\/s2.jpg 516w, https:\/\/sharly.com\/wp-content\/uploads\/2023\/10\/s2-215x300.jpg 215w\" sizes=\"(max-width: 516px) 100vw, 516px\" \/>\t\t\t\t\t\t\t\t\t\t\t\t\t\t\t<\/div>\n\t\t\t\t<\/div>\n\t\t\t\t\t<\/div>\n\t\t<\/div>\n\t\t\t\t\t<\/div>\n\t\t<\/section>\n\t\t\t\t<section class=\"elementor-section elementor-top-section elementor-element elementor-element-39ec4d4 elementor-section-boxed elementor-section-height-default elementor-section-height-default\" data-id=\"39ec4d4\" data-element_type=\"section\" data-e-type=\"section\">\n\t\t\t\t\t\t<div class=\"elementor-container elementor-column-gap-default\">\n\t\t\t\t\t<div class=\"elementor-column elementor-col-33 elementor-top-column elementor-element elementor-element-6df7c66\" data-id=\"6df7c66\" data-element_type=\"column\" data-e-type=\"column\">\n\t\t\t<div class=\"elementor-widget-wrap\">\n\t\t\t\t\t\t\t<\/div>\n\t\t<\/div>\n\t\t\t\t<div class=\"elementor-column elementor-col-33 elementor-top-column elementor-element elementor-element-08b3936\" data-id=\"08b3936\" data-element_type=\"column\" data-e-type=\"column\">\n\t\t\t<div class=\"elementor-widget-wrap elementor-element-populated\">\n\t\t\t\t\t\t<div class=\"elementor-element elementor-element-897cf65 elementor-widget elementor-widget-image\" data-id=\"897cf65\" data-element_type=\"widget\" data-e-type=\"widget\" data-widget_type=\"image.default\">\n\t\t\t\t<div class=\"elementor-widget-container\">\n\t\t\t\t\t\t\t\t\t\t\t\t\t\t\t<img loading=\"lazy\" decoding=\"async\" width=\"724\" height=\"1024\" src=\"https:\/\/sharly.com\/wp-content\/uploads\/2023\/12\/Prestations__Les_Tentateurs_1_-724x1024.png\" class=\"attachment-large size-large wp-image-753\" alt=\"\" srcset=\"https:\/\/sharly.com\/wp-content\/uploads\/2023\/12\/Prestations__Les_Tentateurs_1_-724x1024.png 724w, https:\/\/sharly.com\/wp-content\/uploads\/2023\/12\/Prestations__Les_Tentateurs_1_-212x300.png 212w, https:\/\/sharly.com\/wp-content\/uploads\/2023\/12\/Prestations__Les_Tentateurs_1_-768x1086.png 768w, https:\/\/sharly.com\/wp-content\/uploads\/2023\/12\/Prestations__Les_Tentateurs_1_-1086x1536.png 1086w, https:\/\/sharly.com\/wp-content\/uploads\/2023\/12\/Prestations__Les_Tentateurs_1_-1448x2048.png 1448w, https:\/\/sharly.com\/wp-content\/uploads\/2023\/12\/Prestations__Les_Tentateurs_1_.png 1654w\" sizes=\"(max-width: 724px) 100vw, 724px\" \/>\t\t\t\t\t\t\t\t\t\t\t\t\t\t\t<\/div>\n\t\t\t\t<\/div>\n\t\t\t\t\t<\/div>\n\t\t<\/div>\n\t\t\t\t<div class=\"elementor-column elementor-col-33 elementor-top-column elementor-element elementor-element-fb29cf7\" data-id=\"fb29cf7\" data-element_type=\"column\" data-e-type=\"column\">\n\t\t\t<div class=\"elementor-widget-wrap\">\n\t\t\t\t\t\t\t<\/div>\n\t\t<\/div>\n\t\t\t\t\t<\/div>\n\t\t<\/section>\n\t\t\t\t<\/div>\n\t\t","protected":false},"excerpt":{"rendered":"<p>Strip-teaser D\u00e9couvrez l&rsquo;art de la s\u00e9duction ultime avec mes prestations de strip-tease \u00e0 couper le souffle !\u00a0 Plongez dans un monde de d\u00e9sir et d&rsquo;excitation o\u00f9 l&rsquo;\u00e9rotisme rencontre la performance. [&hellip;]<\/p>\n","protected":false},"author":2,"featured_media":0,"parent":0,"menu_order":0,"comment_status":"closed","ping_status":"closed","template":"","meta":{"footnotes":""},"class_list":["post-591","page","type-page","status-publish","hentry"],"yoast_head":"<!-- This site is optimized with the Yoast SEO plugin v27.0 - https:\/\/yoast.com\/product\/yoast-seo-wordpress\/ -->\n<title>Strip-teaser - sharly<\/title>\n<meta name=\"robots\" content=\"index, follow, max-snippet:-1, max-image-preview:large, max-video-preview:-1\" \/>\n<link rel=\"canonical\" href=\"https:\/\/sharly.com\/index.php\/sharly-strip-teaser\/\" \/>\n<meta property=\"og:locale\" content=\"fr_FR\" \/>\n<meta property=\"og:type\" content=\"article\" \/>\n<meta property=\"og:title\" content=\"Strip-teaser - sharly\" \/>\n<meta property=\"og:description\" content=\"Strip-teaser D\u00e9couvrez l&rsquo;art de la s\u00e9duction ultime avec mes prestations de strip-tease \u00e0 couper le souffle !\u00a0 Plongez dans un monde de d\u00e9sir et d&rsquo;excitation o\u00f9 l&rsquo;\u00e9rotisme rencontre la performance. [&hellip;]\" \/>\n<meta property=\"og:url\" content=\"https:\/\/sharly.com\/index.php\/sharly-strip-teaser\/\" \/>\n<meta property=\"og:site_name\" content=\"sharly\" \/>\n<meta property=\"article:modified_time\" content=\"2023-12-18T16:42:19+00:00\" \/>\n<meta property=\"og:image\" content=\"https:\/\/sharly.com\/wp-content\/uploads\/2023\/08\/51.jpg\" \/>\n<meta name=\"twitter:card\" content=\"summary_large_image\" \/>\n<meta name=\"twitter:label1\" content=\"Dur\u00e9e de lecture estim\u00e9e\" \/>\n\t<meta name=\"twitter:data1\" content=\"3 minutes\" \/>\n<script type=\"application\/ld+json\" class=\"yoast-schema-graph\">{\"@context\":\"https:\/\/schema.org\",\"@graph\":[{\"@type\":\"WebPage\",\"@id\":\"https:\/\/sharly.com\/index.php\/sharly-strip-teaser\/\",\"url\":\"https:\/\/sharly.com\/index.php\/sharly-strip-teaser\/\",\"name\":\"Strip-teaser - sharly\",\"isPartOf\":{\"@id\":\"https:\/\/sharly.com\/#website\"},\"primaryImageOfPage\":{\"@id\":\"https:\/\/sharly.com\/index.php\/sharly-strip-teaser\/#primaryimage\"},\"image\":{\"@id\":\"https:\/\/sharly.com\/index.php\/sharly-strip-teaser\/#primaryimage\"},\"thumbnailUrl\":\"https:\/\/sharly.com\/wp-content\/uploads\/2023\/08\/51.jpg\",\"datePublished\":\"2023-09-25T13:38:40+00:00\",\"dateModified\":\"2023-12-18T16:42:19+00:00\",\"breadcrumb\":{\"@id\":\"https:\/\/sharly.com\/index.php\/sharly-strip-teaser\/#breadcrumb\"},\"inLanguage\":\"fr-FR\",\"potentialAction\":[{\"@type\":\"ReadAction\",\"target\":[\"https:\/\/sharly.com\/index.php\/sharly-strip-teaser\/\"]}]},{\"@type\":\"ImageObject\",\"inLanguage\":\"fr-FR\",\"@id\":\"https:\/\/sharly.com\/index.php\/sharly-strip-teaser\/#primaryimage\",\"url\":\"https:\/\/sharly.com\/wp-content\/uploads\/2023\/08\/51.jpg\",\"contentUrl\":\"https:\/\/sharly.com\/wp-content\/uploads\/2023\/08\/51.jpg\"},{\"@type\":\"BreadcrumbList\",\"@id\":\"https:\/\/sharly.com\/index.php\/sharly-strip-teaser\/#breadcrumb\",\"itemListElement\":[{\"@type\":\"ListItem\",\"position\":1,\"name\":\"Accueil\",\"item\":\"https:\/\/sharly.com\/\"},{\"@type\":\"ListItem\",\"position\":2,\"name\":\"Strip-teaser\"}]},{\"@type\":\"WebSite\",\"@id\":\"https:\/\/sharly.com\/#website\",\"url\":\"https:\/\/sharly.com\/\",\"name\":\"sharly\",\"description\":\"Un site utilisant WordPress\",\"publisher\":{\"@id\":\"https:\/\/sharly.com\/#organization\"},\"potentialAction\":[{\"@type\":\"SearchAction\",\"target\":{\"@type\":\"EntryPoint\",\"urlTemplate\":\"https:\/\/sharly.com\/?s={search_term_string}\"},\"query-input\":{\"@type\":\"PropertyValueSpecification\",\"valueRequired\":true,\"valueName\":\"search_term_string\"}}],\"inLanguage\":\"fr-FR\"},{\"@type\":\"Organization\",\"@id\":\"https:\/\/sharly.com\/#organization\",\"name\":\"sharly\",\"url\":\"https:\/\/sharly.com\/\",\"logo\":{\"@type\":\"ImageObject\",\"inLanguage\":\"fr-FR\",\"@id\":\"https:\/\/sharly.com\/#\/schema\/logo\/image\/\",\"url\":\"https:\/\/sharly.com\/wp-content\/uploads\/2023\/09\/cropped-sharly.png\",\"contentUrl\":\"https:\/\/sharly.com\/wp-content\/uploads\/2023\/09\/cropped-sharly.png\",\"width\":440,\"height\":435,\"caption\":\"sharly\"},\"image\":{\"@id\":\"https:\/\/sharly.com\/#\/schema\/logo\/image\/\"}}]}<\/script>\n<!-- \/ Yoast SEO plugin. -->","yoast_head_json":{"title":"Strip-teaser - sharly","robots":{"index":"index","follow":"follow","max-snippet":"max-snippet:-1","max-image-preview":"max-image-preview:large","max-video-preview":"max-video-preview:-1"},"canonical":"https:\/\/sharly.com\/index.php\/sharly-strip-teaser\/","og_locale":"fr_FR","og_type":"article","og_title":"Strip-teaser - sharly","og_description":"Strip-teaser D\u00e9couvrez l&rsquo;art de la s\u00e9duction ultime avec mes prestations de strip-tease \u00e0 couper le souffle !\u00a0 Plongez dans un monde de d\u00e9sir et d&rsquo;excitation o\u00f9 l&rsquo;\u00e9rotisme rencontre la performance. [&hellip;]","og_url":"https:\/\/sharly.com\/index.php\/sharly-strip-teaser\/","og_site_name":"sharly","article_modified_time":"2023-12-18T16:42:19+00:00","og_image":[{"url":"https:\/\/sharly.com\/wp-content\/uploads\/2023\/08\/51.jpg","type":"","width":"","height":""}],"twitter_card":"summary_large_image","twitter_misc":{"Dur\u00e9e de lecture estim\u00e9e":"3 minutes"},"schema":{"@context":"https:\/\/schema.org","@graph":[{"@type":"WebPage","@id":"https:\/\/sharly.com\/index.php\/sharly-strip-teaser\/","url":"https:\/\/sharly.com\/index.php\/sharly-strip-teaser\/","name":"Strip-teaser - sharly","isPartOf":{"@id":"https:\/\/sharly.com\/#website"},"primaryImageOfPage":{"@id":"https:\/\/sharly.com\/index.php\/sharly-strip-teaser\/#primaryimage"},"image":{"@id":"https:\/\/sharly.com\/index.php\/sharly-strip-teaser\/#primaryimage"},"thumbnailUrl":"https:\/\/sharly.com\/wp-content\/uploads\/2023\/08\/51.jpg","datePublished":"2023-09-25T13:38:40+00:00","dateModified":"2023-12-18T16:42:19+00:00","breadcrumb":{"@id":"https:\/\/sharly.com\/index.php\/sharly-strip-teaser\/#breadcrumb"},"inLanguage":"fr-FR","potentialAction":[{"@type":"ReadAction","target":["https:\/\/sharly.com\/index.php\/sharly-strip-teaser\/"]}]},{"@type":"ImageObject","inLanguage":"fr-FR","@id":"https:\/\/sharly.com\/index.php\/sharly-strip-teaser\/#primaryimage","url":"https:\/\/sharly.com\/wp-content\/uploads\/2023\/08\/51.jpg","contentUrl":"https:\/\/sharly.com\/wp-content\/uploads\/2023\/08\/51.jpg"},{"@type":"BreadcrumbList","@id":"https:\/\/sharly.com\/index.php\/sharly-strip-teaser\/#breadcrumb","itemListElement":[{"@type":"ListItem","position":1,"name":"Accueil","item":"https:\/\/sharly.com\/"},{"@type":"ListItem","position":2,"name":"Strip-teaser"}]},{"@type":"WebSite","@id":"https:\/\/sharly.com\/#website","url":"https:\/\/sharly.com\/","name":"sharly","description":"Un site utilisant WordPress","publisher":{"@id":"https:\/\/sharly.com\/#organization"},"potentialAction":[{"@type":"SearchAction","target":{"@type":"EntryPoint","urlTemplate":"https:\/\/sharly.com\/?s={search_term_string}"},"query-input":{"@type":"PropertyValueSpecification","valueRequired":true,"valueName":"search_term_string"}}],"inLanguage":"fr-FR"},{"@type":"Organization","@id":"https:\/\/sharly.com\/#organization","name":"sharly","url":"https:\/\/sharly.com\/","logo":{"@type":"ImageObject","inLanguage":"fr-FR","@id":"https:\/\/sharly.com\/#\/schema\/logo\/image\/","url":"https:\/\/sharly.com\/wp-content\/uploads\/2023\/09\/cropped-sharly.png","contentUrl":"https:\/\/sharly.com\/wp-content\/uploads\/2023\/09\/cropped-sharly.png","width":440,"height":435,"caption":"sharly"},"image":{"@id":"https:\/\/sharly.com\/#\/schema\/logo\/image\/"}}]}},"_links":{"self":[{"href":"https:\/\/sharly.com\/index.php\/wp-json\/wp\/v2\/pages\/591","targetHints":{"allow":["GET"]}}],"collection":[{"href":"https:\/\/sharly.com\/index.php\/wp-json\/wp\/v2\/pages"}],"about":[{"href":"https:\/\/sharly.com\/index.php\/wp-json\/wp\/v2\/types\/page"}],"author":[{"embeddable":true,"href":"https:\/\/sharly.com\/index.php\/wp-json\/wp\/v2\/users\/2"}],"replies":[{"embeddable":true,"href":"https:\/\/sharly.com\/index.php\/wp-json\/wp\/v2\/comments?post=591"}],"version-history":[{"count":43,"href":"https:\/\/sharly.com\/index.php\/wp-json\/wp\/v2\/pages\/591\/revisions"}],"predecessor-version":[{"id":759,"href":"https:\/\/sharly.com\/index.php\/wp-json\/wp\/v2\/pages\/591\/revisions\/759"}],"wp:attachment":[{"href":"https:\/\/sharly.com\/index.php\/wp-json\/wp\/v2\/media?parent=591"}],"curies":[{"name":"wp","href":"https:\/\/api.w.org\/{rel}","templated":true}]}}